{"id":860,"date":"2015-03-17T10:43:08","date_gmt":"2015-03-17T09:43:08","guid":{"rendered":"http:\/\/latraverse-architectes.com\/?page_id=860"},"modified":"2019-10-09T21:39:55","modified_gmt":"2019-10-09T19:39:55","slug":"paris-11e","status":"publish","type":"page","link":"http:\/\/latraverse-architectes.com\/?page_id=860","title":{"rendered":"PARIS (75011)"},"content":{"rendered":"<p><strong>RENOVATION COMPLETE D&rsquo;UN APPARTEMENT de 70m\u00b2 dans un immeuble 1900<\/strong><\/p>\n<p>&nbsp;<\/p>\n<p>Faire RESPIRER les Lieux<\/p>\n<p>Cr\u00e9er \/ recr\u00e9er une ouverture \u00e0 la LUMIERE naturelle<\/p>\n<p>D\u00e9sencombrer et VIDER l&rsquo;existant<\/p>\n<p>Cr\u00e9er des ECHAPPEES visuelles de toutes parts<\/p>\n<p>RECONNEXION visuelle et spatiale des espaces entre eux<\/p>\n<p>Retrouver le COEUR de l&rsquo;appartement<\/p>\n<p>SUPPRIMER les obstacles \u00e0 la CIRCULATION pour plus de fluidit\u00e9 et de l\u00e9g\u00e8ret\u00e9<\/p>\n<p>Meubles et Verri\u00e8re acier sur mesure<\/p>\n<p>&nbsp;<\/p>\n<p><strong>OPERATION LIVREE<br \/>\n<\/strong><\/p>\n<p><strong>2014-2015<\/strong><\/p>\n","protected":false},"excerpt":{"rendered":"<div class=\"entry-more-cont\"><div class=\"entry-more\"><a class=\"hvr\" href=\"http:\/\/latraverse-architectes.com\/?page_id=860\">Read More<\/a><\/div><\/div>","protected":false},"author":1,"featured_media":970,"parent":1135,"menu_order":0,"comment_status":"open","ping_status":"open","template":"templates\/page-sidebar-iso.php","meta":[],"aioseo_notices":[],"_links":{"self":[{"href":"http:\/\/latraverse-architectes.com\/index.php?rest_route=\/wp\/v2\/pages\/860"}],"collection":[{"href":"http:\/\/latraverse-architectes.com\/index.php?rest_route=\/wp\/v2\/pages"}],"about":[{"href":"http:\/\/latraverse-architectes.com\/index.php?rest_route=\/wp\/v2\/types\/page"}],"author":[{"embeddable":true,"href":"http:\/\/latraverse-architectes.com\/index.php?rest_route=\/wp\/v2\/users\/1"}],"replies":[{"embeddable":true,"href":"http:\/\/latraverse-architectes.com\/index.php?rest_route=%2Fwp%2Fv2%2Fcomments&post=860"}],"version-history":[{"count":11,"href":"http:\/\/latraverse-architectes.com\/index.php?rest_route=\/wp\/v2\/pages\/860\/revisions"}],"predecessor-version":[{"id":969,"href":"http:\/\/latraverse-architectes.com\/index.php?rest_route=\/wp\/v2\/pages\/860\/revisions\/969"}],"up":[{"embeddable":true,"href":"http:\/\/latraverse-architectes.com\/index.php?rest_route=\/wp\/v2\/pages\/1135"}],"wp:featuredmedia":[{"embeddable":true,"href":"http:\/\/latraverse-architectes.com\/index.php?rest_route=\/wp\/v2\/media\/970"}],"wp:attachment":[{"href":"http:\/\/latraverse-architectes.com\/index.php?rest_route=%2Fwp%2Fv2%2Fmedia&parent=860"}],"curies":[{"name":"wp","href":"https:\/\/api.w.org\/{rel}","templated":true}]}}