{"id":1034,"date":"2017-02-28T10:59:57","date_gmt":"2017-02-28T09:59:57","guid":{"rendered":"http:\/\/latraverse-architectes.com\/?page_id=1034"},"modified":"2019-10-09T21:39:55","modified_gmt":"2019-10-09T19:39:55","slug":"fontainebleau-77","status":"publish","type":"page","link":"https:\/\/latraverse-architectes.com\/?page_id=1034","title":{"rendered":"FONTAINEBLEAU (77)"},"content":{"rendered":"<p><strong>CONSTRUCTION D&rsquo;UNE VILLA CONTEMPORAINE NEUVE<\/strong><\/p>\n<p>Au coeur de la For\u00eat de Fontainebleau, le terrain tr\u00e8s ensoleill\u00e9 nous a inspir\u00e9 pour imaginer cette maison compos\u00e9e de deux volumes, dont l&rsquo;un comporte une vraie toiture terrasse v\u00e9g\u00e9talis\u00e9e.<\/p>\n<p>Formes simples et traditionnelles impos\u00e9es par le PLU de la commune caract\u00e9risent cette Maison dont les espaces de vie s&rsquo;articulent autour d&rsquo;une grande terrasse orient\u00e9e plein Sud.<\/p>\n<p>Les niveaux en double hauteur \u00e0 l&rsquo;int\u00e9rieur permettent \u00e0 la lumi\u00e8re de p\u00e9n\u00e9trer grandement et offrent une vue imprenable sur la Nature environnante.<\/p>\n<p>&nbsp;<\/p>\n<p><strong>DEBUT CHANTIER : Mars 2017<br \/>\n<\/strong><\/p>\n","protected":false},"excerpt":{"rendered":"<div class=\"entry-more-cont\"><div class=\"entry-more\"><a class=\"hvr\" href=\"https:\/\/latraverse-architectes.com\/?page_id=1034\">Read More<\/a><\/div><\/div>","protected":false},"author":1,"featured_media":1041,"parent":1135,"menu_order":0,"comment_status":"open","ping_status":"closed","template":"templates\/page-sidebar-iso.php","meta":[],"aioseo_notices":[],"_links":{"self":[{"href":"https:\/\/latraverse-architectes.com\/index.php?rest_route=\/wp\/v2\/pages\/1034"}],"collection":[{"href":"https:\/\/latraverse-architectes.com\/index.php?rest_route=\/wp\/v2\/pages"}],"about":[{"href":"https:\/\/latraverse-architectes.com\/index.php?rest_route=\/wp\/v2\/types\/page"}],"author":[{"embeddable":true,"href":"https:\/\/latraverse-architectes.com\/index.php?rest_route=\/wp\/v2\/users\/1"}],"replies":[{"embeddable":true,"href":"https:\/\/latraverse-architectes.com\/index.php?rest_route=%2Fwp%2Fv2%2Fcomments&post=1034"}],"version-history":[{"count":1,"href":"https:\/\/latraverse-architectes.com\/index.php?rest_route=\/wp\/v2\/pages\/1034\/revisions"}],"predecessor-version":[{"id":1036,"href":"https:\/\/latraverse-architectes.com\/index.php?rest_route=\/wp\/v2\/pages\/1034\/revisions\/1036"}],"up":[{"embeddable":true,"href":"https:\/\/latraverse-architectes.com\/index.php?rest_route=\/wp\/v2\/pages\/1135"}],"wp:featuredmedia":[{"embeddable":true,"href":"https:\/\/latraverse-architectes.com\/index.php?rest_route=\/wp\/v2\/media\/1041"}],"wp:attachment":[{"href":"https:\/\/latraverse-architectes.com\/index.php?rest_route=%2Fwp%2Fv2%2Fmedia&parent=1034"}],"curies":[{"name":"wp","href":"https:\/\/api.w.org\/{rel}","templated":true}]}}