{"id":12,"date":"2013-07-01T15:08:24","date_gmt":"2013-07-01T13:08:24","guid":{"rendered":"http:\/\/latraverse-architectes.com\/?page_id=12"},"modified":"2024-08-30T15:49:44","modified_gmt":"2024-08-30T13:49:44","slug":"accueil","status":"publish","type":"page","link":"https:\/\/latraverse-architectes.com\/","title":{"rendered":"Accueil et Philosophie de l&rsquo;Atelier"},"content":{"rendered":"<p style=\"text-align: left;\">Architecte DPLG install\u00e9e \u00e0 la lisi\u00e8re de Paris, je vous accompagne tout au long de la r\u00e9alisation de votre projet jusqu&rsquo;au dernier &lsquo;coup de pinceau&rsquo;.<\/p>\n<p style=\"text-align: left;\">&lsquo;Il n&rsquo;y a pas de Lumi\u00e8re sans Ombre &lsquo; disait Aragon comme un \u00e9cho \u00e0 l&rsquo;ouvrage &lsquo;Eloge de l&rsquo;ombre&rsquo; de Junichir\u014d Tanizaki. J&rsquo;ajouterai qu&rsquo;il n&rsquo;y a pas d&rsquo;Ombre sans Lumi\u00e8re et l&rsquo;Architecture que j&rsquo;imagine et con\u00e7ois, celle d&rsquo;un b\u00e2timent ou d&rsquo;un simple int\u00e9rieur, est aussi l&rsquo;invitation \u00e0 m\u00e9diter ensemble autour de &lsquo;ce qui fait Projet&rsquo;, de &lsquo;ce qui fait sens dans un Projet&rsquo; afin que se manifeste la juste Essence de celui-ci.<\/p>\n<p>Reli\u00e9e \u00e0 la Beaut\u00e9 et au Plaisir, cette architecture l\u00e0 vise \u00e0 connecter le meilleur de nous-m\u00eame, \u00e0 la mani\u00e8re d&rsquo;une &lsquo;Architecture Talisman&rsquo;.<\/p>\n<p>Chaque Projet est Unique.<br \/>\nChaque projet est abord\u00e9 dans ses multiples aspects d\u00e8s le commencement : aspect architectural, aspect r\u00e8glementaire et aspect budg\u00e9taire.<br \/>\nL&rsquo;ensemble de ces aspects forme un tout qui oriente le projet vers sa concr\u00e9tisation.<\/p>\n<p style=\"text-align: left;\">\n<p style=\"text-align: left;\">\n","protected":false},"excerpt":{"rendered":"<div class=\"entry-more-cont\"><div class=\"entry-more\"><a class=\"hvr\" href=\"https:\/\/latraverse-architectes.com\/\">Read More<\/a><\/div><\/div>","protected":false},"author":1,"featured_media":0,"parent":0,"menu_order":0,"comment_status":"open","ping_status":"open","template":"templates\/page-sidebar.php","meta":[],"aioseo_notices":[],"_links":{"self":[{"href":"https:\/\/latraverse-architectes.com\/index.php?rest_route=\/wp\/v2\/pages\/12"}],"collection":[{"href":"https:\/\/latraverse-architectes.com\/index.php?rest_route=\/wp\/v2\/pages"}],"about":[{"href":"https:\/\/latraverse-architectes.com\/index.php?rest_route=\/wp\/v2\/types\/page"}],"author":[{"embeddable":true,"href":"https:\/\/latraverse-architectes.com\/index.php?rest_route=\/wp\/v2\/users\/1"}],"replies":[{"embeddable":true,"href":"https:\/\/latraverse-architectes.com\/index.php?rest_route=%2Fwp%2Fv2%2Fcomments&post=12"}],"version-history":[{"count":40,"href":"https:\/\/latraverse-architectes.com\/index.php?rest_route=\/wp\/v2\/pages\/12\/revisions"}],"predecessor-version":[{"id":1630,"href":"https:\/\/latraverse-architectes.com\/index.php?rest_route=\/wp\/v2\/pages\/12\/revisions\/1630"}],"wp:attachment":[{"href":"https:\/\/latraverse-architectes.com\/index.php?rest_route=%2Fwp%2Fv2%2Fmedia&parent=12"}],"curies":[{"name":"wp","href":"https:\/\/api.w.org\/{rel}","templated":true}]}}