{"id":1260,"date":"2019-10-24T21:59:03","date_gmt":"2019-10-24T19:59:03","guid":{"rendered":"http:\/\/latraverse-architectes.com\/?page_id=1260"},"modified":"2022-09-29T14:00:46","modified_gmt":"2022-09-29T12:00:46","slug":"colombes-92","status":"publish","type":"page","link":"https:\/\/latraverse-architectes.com\/?page_id=1260","title":{"rendered":"COLOMBES (92)"},"content":{"rendered":"\n<p>Sur\u00e9l\u00e9vation d&rsquo;une Maison existante avec nouvelle toiture \u00e0 ossature bois et couverture en Zinc. <\/p>\n\n\n\n<p>OPERATION LIVREEE<\/p>\n\n\n\n<p>2019<\/p>\n","protected":false},"excerpt":{"rendered":"<div class=\"entry-more-cont\"><div class=\"entry-more\"><a class=\"hvr\" href=\"https:\/\/latraverse-architectes.com\/?page_id=1260\">Read More<\/a><\/div><\/div>","protected":false},"author":1,"featured_media":1264,"parent":1149,"menu_order":0,"comment_status":"closed","ping_status":"closed","template":"templates\/page-sidebar-iso.php","meta":[],"aioseo_notices":[],"_links":{"self":[{"href":"https:\/\/latraverse-architectes.com\/index.php?rest_route=\/wp\/v2\/pages\/1260"}],"collection":[{"href":"https:\/\/latraverse-architectes.com\/index.php?rest_route=\/wp\/v2\/pages"}],"about":[{"href":"https:\/\/latraverse-architectes.com\/index.php?rest_route=\/wp\/v2\/types\/page"}],"author":[{"embeddable":true,"href":"https:\/\/latraverse-architectes.com\/index.php?rest_route=\/wp\/v2\/users\/1"}],"replies":[{"embeddable":true,"href":"https:\/\/latraverse-architectes.com\/index.php?rest_route=%2Fwp%2Fv2%2Fcomments&post=1260"}],"version-history":[{"count":1,"href":"https:\/\/latraverse-architectes.com\/index.php?rest_route=\/wp\/v2\/pages\/1260\/revisions"}],"predecessor-version":[{"id":1262,"href":"https:\/\/latraverse-architectes.com\/index.php?rest_route=\/wp\/v2\/pages\/1260\/revisions\/1262"}],"up":[{"embeddable":true,"href":"https:\/\/latraverse-architectes.com\/index.php?rest_route=\/wp\/v2\/pages\/1149"}],"wp:featuredmedia":[{"embeddable":true,"href":"https:\/\/latraverse-architectes.com\/index.php?rest_route=\/wp\/v2\/media\/1264"}],"wp:attachment":[{"href":"https:\/\/latraverse-architectes.com\/index.php?rest_route=%2Fwp%2Fv2%2Fmedia&parent=1260"}],"curies":[{"name":"wp","href":"https:\/\/api.w.org\/{rel}","templated":true}]}}