{"id":1460,"date":"2022-10-24T16:32:12","date_gmt":"2022-10-24T14:32:12","guid":{"rendered":"http:\/\/latraverse-architectes.com\/?page_id=1460"},"modified":"2022-11-22T15:47:41","modified_gmt":"2022-11-22T14:47:41","slug":"blabla","status":"publish","type":"page","link":"https:\/\/latraverse-architectes.com\/?page_id=1460","title":{"rendered":"QUI SUIS-JE"},"content":{"rendered":"\n<p>Architecte DPLG  sur Paris et l&rsquo;Ile de France \u00e0 votre \u00e9coute pour r\u00e9aliser ensemble un projet sur mesure. 06.12.81.23.78 &#8211; vt.archi@yahoo.fr<\/p>\n\n\n\n<div class=\"wp-container-8 wp-block-columns\">\n<div class=\"wp-container-2 wp-block-column\"><div class=\"wp-block-image is-style-rounded\">\n<figure class=\"wp-duotone-f78da7-ffffff-1 aligncenter size-large\"><a href=\"http:\/\/latraverse-architectes.com\/wp-content\/uploads\/2022\/10\/1-gde-1-scaled.jpg\"><img loading=\"lazy\" width=\"830\" height=\"830\" src=\"http:\/\/latraverse-architectes.com\/wp-content\/uploads\/2022\/10\/1-gde-1-830x830.jpg\" alt=\"\" class=\"wp-image-1499\" srcset=\"https:\/\/latraverse-architectes.com\/wp-content\/uploads\/2022\/10\/1-gde-1-830x830.jpg 830w, https:\/\/latraverse-architectes.com\/wp-content\/uploads\/2022\/10\/1-gde-1-410x410.jpg 410w, https:\/\/latraverse-architectes.com\/wp-content\/uploads\/2022\/10\/1-gde-1-150x150.jpg 150w, https:\/\/latraverse-architectes.com\/wp-content\/uploads\/2022\/10\/1-gde-1-768x768.jpg 768w, https:\/\/latraverse-architectes.com\/wp-content\/uploads\/2022\/10\/1-gde-1-1536x1536.jpg 1536w, https:\/\/latraverse-architectes.com\/wp-content\/uploads\/2022\/10\/1-gde-1-2048x2048.jpg 2048w, https:\/\/latraverse-architectes.com\/wp-content\/uploads\/2022\/10\/1-gde-1-100x100.jpg 100w, https:\/\/latraverse-architectes.com\/wp-content\/uploads\/2022\/10\/1-gde-1-200x200.jpg 200w, https:\/\/latraverse-architectes.com\/wp-content\/uploads\/2022\/10\/1-gde-1-1250x1250.jpg 1250w\" sizes=\"(max-width: 830px) 100vw, 830px\" \/><\/a><\/figure><\/div><\/div>\n\n\n\n<div class=\"wp-container-3 wp-block-column\"><div class=\"wp-block-image is-style-default\">\n<figure class=\"aligncenter size-large is-resized\"><a href=\"http:\/\/latraverse-architectes.com\/wp-content\/uploads\/2013\/07\/20190328_152303.jpg\"><img loading=\"lazy\" src=\"http:\/\/latraverse-architectes.com\/wp-content\/uploads\/2013\/07\/20190328_152303-830x623.jpg\" alt=\"\" class=\"wp-image-1166\" width=\"220\" height=\"293\"\/><\/a><figcaption><em>Maison passive \u00e0 Issy-les-Moulineaux<\/em><\/figcaption><\/figure><\/div><\/div>\n\n\n\n<div class=\"wp-container-7 wp-block-column\">\n<div class=\"wp-container-6 wp-block-columns\">\n<div class=\"wp-container-5 wp-block-column\"><div class=\"wp-block-image is-style-default\">\n<figure class=\"wp-duotone-000000-ffffff-4 aligncenter size-large is-resized\"><a href=\"http:\/\/latraverse-architectes.com\/wp-content\/uploads\/2013\/07\/29.jpg\"><img loading=\"lazy\" src=\"http:\/\/latraverse-architectes.com\/wp-content\/uploads\/2013\/07\/29-830x533.jpg\" alt=\"\" class=\"wp-image-1008\" width=\"491\" height=\"314\" srcset=\"https:\/\/latraverse-architectes.com\/wp-content\/uploads\/2013\/07\/29-830x533.jpg 830w, https:\/\/latraverse-architectes.com\/wp-content\/uploads\/2013\/07\/29-410x263.jpg 410w, https:\/\/latraverse-architectes.com\/wp-content\/uploads\/2013\/07\/29-100x64.jpg 100w, https:\/\/latraverse-architectes.com\/wp-content\/uploads\/2013\/07\/29-200x128.jpg 200w, https:\/\/latraverse-architectes.com\/wp-content\/uploads\/2013\/07\/29-1250x802.jpg 1250w\" sizes=\"(max-width: 491px) 100vw, 491px\" \/><\/a><figcaption><em>Extension Bois \u00e0 <\/em>Herblay<\/figcaption><\/figure><\/div><\/div>\n<\/div>\n<\/div>\n<\/div>\n\n\n\n<div class=\"wp-container-12 wp-block-columns\">\n<div class=\"wp-container-9 wp-block-column\"><\/div>\n\n\n\n<div class=\"wp-container-10 wp-block-column\"><\/div>\n\n\n\n<div class=\"wp-container-11 wp-block-column\"><\/div>\n<\/div>\n\n\n\n<div class=\"wp-container-19 wp-block-columns\">\n<div class=\"wp-container-14 wp-block-column\">\n<figure class=\"wp-duotone-000000-ffffff-13 wp-block-image size-large is-resized is-style-default\"><a href=\"http:\/\/latraverse-architectes.com\/wp-content\/uploads\/2022\/10\/IMG-20220922-WA0000-edited.jpg\"><img loading=\"lazy\" src=\"http:\/\/latraverse-architectes.com\/wp-content\/uploads\/2022\/10\/IMG-20220922-WA0000-edited-830x830.jpg\" alt=\"\" class=\"wp-image-1507\" width=\"367\" height=\"367\" srcset=\"https:\/\/latraverse-architectes.com\/wp-content\/uploads\/2022\/10\/IMG-20220922-WA0000-edited-830x830.jpg 830w, https:\/\/latraverse-architectes.com\/wp-content\/uploads\/2022\/10\/IMG-20220922-WA0000-edited-410x410.jpg 410w, https:\/\/latraverse-architectes.com\/wp-content\/uploads\/2022\/10\/IMG-20220922-WA0000-edited-150x150.jpg 150w, https:\/\/latraverse-architectes.com\/wp-content\/uploads\/2022\/10\/IMG-20220922-WA0000-edited-768x768.jpg 768w, https:\/\/latraverse-architectes.com\/wp-content\/uploads\/2022\/10\/IMG-20220922-WA0000-edited.jpg 1536w, https:\/\/latraverse-architectes.com\/wp-content\/uploads\/2022\/10\/IMG-20220922-WA0000-edited-100x100.jpg 100w, https:\/\/latraverse-architectes.com\/wp-content\/uploads\/2022\/10\/IMG-20220922-WA0000-edited-200x200.jpg 200w, https:\/\/latraverse-architectes.com\/wp-content\/uploads\/2022\/10\/IMG-20220922-WA0000-edited-1250x1250.jpg 1250w\" sizes=\"(max-width: 367px) 100vw, 367px\" \/><\/a><figcaption>Sur\u00e9l\u00e9vation d&rsquo;une maison ouvri\u00e8re \u00e0 St-Ouen<\/figcaption><\/figure>\n<\/div>\n\n\n\n<div class=\"wp-container-16 wp-block-column\">\n<figure class=\"wp-duotone-000000-ffffff-15 wp-block-image size-full is-resized is-style-default\"><a href=\"http:\/\/latraverse-architectes.com\/wp-content\/uploads\/2022\/09\/IMG_20220928_203313-1.jpg\"><img loading=\"lazy\" src=\"http:\/\/latraverse-architectes.com\/wp-content\/uploads\/2022\/09\/IMG_20220928_203313-1.jpg\" alt=\"\" class=\"wp-image-1376\" width=\"276\" height=\"367\" srcset=\"https:\/\/latraverse-architectes.com\/wp-content\/uploads\/2022\/09\/IMG_20220928_203313-1.jpg 480w, https:\/\/latraverse-architectes.com\/wp-content\/uploads\/2022\/09\/IMG_20220928_203313-1-410x547.jpg 410w, https:\/\/latraverse-architectes.com\/wp-content\/uploads\/2022\/09\/IMG_20220928_203313-1-100x133.jpg 100w, https:\/\/latraverse-architectes.com\/wp-content\/uploads\/2022\/09\/IMG_20220928_203313-1-200x267.jpg 200w\" sizes=\"(max-width: 276px) 100vw, 276px\" \/><\/a><figcaption>Jardin suspendu Place de la R\u00e9publique<\/figcaption><\/figure>\n<\/div>\n\n\n\n<div class=\"wp-container-18 wp-block-column\">\n<figure class=\"wp-duotone-000000-ffffff-17 wp-block-image size-full is-resized is-style-default\"><a href=\"http:\/\/latraverse-architectes.com\/wp-content\/uploads\/2013\/07\/11OK.jpg\"><img loading=\"lazy\" src=\"http:\/\/latraverse-architectes.com\/wp-content\/uploads\/2013\/07\/11OK.jpg\" alt=\"\" class=\"wp-image-585\" width=\"489\" height=\"367\" srcset=\"https:\/\/latraverse-architectes.com\/wp-content\/uploads\/2013\/07\/11OK.jpg 800w, https:\/\/latraverse-architectes.com\/wp-content\/uploads\/2013\/07\/11OK-410x308.jpg 410w, https:\/\/latraverse-architectes.com\/wp-content\/uploads\/2013\/07\/11OK-100x75.jpg 100w, https:\/\/latraverse-architectes.com\/wp-content\/uploads\/2013\/07\/11OK-200x150.jpg 200w\" sizes=\"(max-width: 489px) 100vw, 489px\" \/><\/a><figcaption>Meubles sur mesure et r\u00e9novation compl\u00e8te d&rsquo;un appartement \u00e0 Paris 19\u00e8me<\/figcaption><\/figure>\n<\/div>\n<\/div>\n\n\n\n<div class=\"wp-container-20 wp-block-columns\"><\/div>\n\n\n\n<figure class=\"wp-container-22 wp-block-gallery-21 wp-block-gallery has-nested-images columns-default is-cropped\"><figcaption class=\"blocks-gallery-caption\">\u00a9<em> <strong>Vanessa TRAVERSE Architecte DPLG<\/strong><\/em><\/figcaption><\/figure>\n\n\n\n<figure class=\"wp-container-24 wp-block-gallery-23 wp-block-gallery has-nested-images columns-default is-cropped\"><\/figure>\n\n\n\n<figure class=\"wp-container-26 wp-block-gallery-25 wp-block-gallery has-nested-images columns-default is-cropped\"><\/figure>\n","protected":false},"excerpt":{"rendered":"<div class=\"entry-more-cont\"><div class=\"entry-more\"><a class=\"hvr\" href=\"https:\/\/latraverse-architectes.com\/?page_id=1460\">Read More<\/a><\/div><\/div>","protected":false},"author":1,"featured_media":0,"parent":0,"menu_order":0,"comment_status":"closed","ping_status":"closed","template":"templates\/page-center-full.php","meta":[],"aioseo_notices":[],"_links":{"self":[{"href":"https:\/\/latraverse-architectes.com\/index.php?rest_route=\/wp\/v2\/pages\/1460"}],"collection":[{"href":"https:\/\/latraverse-architectes.com\/index.php?rest_route=\/wp\/v2\/pages"}],"about":[{"href":"https:\/\/latraverse-architectes.com\/index.php?rest_route=\/wp\/v2\/types\/page"}],"author":[{"embeddable":true,"href":"https:\/\/latraverse-architectes.com\/index.php?rest_route=\/wp\/v2\/users\/1"}],"replies":[{"embeddable":true,"href":"https:\/\/latraverse-architectes.com\/index.php?rest_route=%2Fwp%2Fv2%2Fcomments&post=1460"}],"version-history":[{"count":23,"href":"https:\/\/latraverse-architectes.com\/index.php?rest_route=\/wp\/v2\/pages\/1460\/revisions"}],"predecessor-version":[{"id":1627,"href":"https:\/\/latraverse-architectes.com\/index.php?rest_route=\/wp\/v2\/pages\/1460\/revisions\/1627"}],"wp:attachment":[{"href":"https:\/\/latraverse-architectes.com\/index.php?rest_route=%2Fwp%2Fv2%2Fmedia&parent=1460"}],"curies":[{"name":"wp","href":"https:\/\/api.w.org\/{rel}","templated":true}]}}