{"id":179,"date":"2013-08-20T22:04:52","date_gmt":"2013-08-20T20:04:52","guid":{"rendered":"http:\/\/latraverse-architectes.com\/?page_id=179"},"modified":"2018-01-19T18:30:52","modified_gmt":"2018-01-19T17:30:52","slug":"saint-mande","status":"publish","type":"page","link":"https:\/\/latraverse-architectes.com\/?page_id=179","title":{"rendered":"Saint-Mand\u00e9 (94)"},"content":{"rendered":"<p><strong>R\u00e9novation d&rsquo;un appartement de 80 m\u00b2<\/strong><\/p>\n<p>&nbsp;<\/p>\n<p>Il s&rsquo;agit dans ce projet de cr\u00e9er \u00ab\u00a0un Coeur\u00a0\u00bb d&rsquo;appartement, point central n\u00e9vralgique autour duquel on pourra circuler, \u00e9voluer.<\/p>\n<p>Pour ce faire, les cloisons qui \u00ab\u00a0verticalisaient\u00a0\u00bb les lieux sont abattues tandis que de nouvelles sont \u00e9rig\u00e9es pour cr\u00e9er le Coeur.<\/p>\n<p>La lumi\u00e8re profite de cette intervention pour p\u00e9n\u00e9trer l\u00e0 o\u00f9 elle ne venait plus. Les perspectives et les vues s&rsquo;\u00e9tirent. L&rsquo;espace respire.<\/p>\n<p>Les couleurs, tissus, \u00e9clairages sont choisis dans la m\u00eame id\u00e9e d&rsquo;apporter de la lumi\u00e8re o\u00f9 il en avait peu, de r\u00e9chauffer certains espaces.<\/p>\n<p>Le Coeur de l&rsquo;appartement est quant \u00e0 lui pens\u00e9 dans la couleur ROUGE&#8230;<\/p>\n<p>&nbsp;<\/p>\n<p><strong>Op\u00e9ration livr\u00e9e<\/strong><\/p>\n<p>2009-2010<\/p>\n","protected":false},"excerpt":{"rendered":"<div class=\"entry-more-cont\"><div class=\"entry-more\"><a class=\"hvr\" href=\"https:\/\/latraverse-architectes.com\/?page_id=179\">Read More<\/a><\/div><\/div>","protected":false},"author":1,"featured_media":303,"parent":0,"menu_order":0,"comment_status":"open","ping_status":"closed","template":"","meta":[],"aioseo_notices":[],"_links":{"self":[{"href":"https:\/\/latraverse-architectes.com\/index.php?rest_route=\/wp\/v2\/pages\/179"}],"collection":[{"href":"https:\/\/latraverse-architectes.com\/index.php?rest_route=\/wp\/v2\/pages"}],"about":[{"href":"https:\/\/latraverse-architectes.com\/index.php?rest_route=\/wp\/v2\/types\/page"}],"author":[{"embeddable":true,"href":"https:\/\/latraverse-architectes.com\/index.php?rest_route=\/wp\/v2\/users\/1"}],"replies":[{"embeddable":true,"href":"https:\/\/latraverse-architectes.com\/index.php?rest_route=%2Fwp%2Fv2%2Fcomments&post=179"}],"version-history":[{"count":8,"href":"https:\/\/latraverse-architectes.com\/index.php?rest_route=\/wp\/v2\/pages\/179\/revisions"}],"predecessor-version":[{"id":836,"href":"https:\/\/latraverse-architectes.com\/index.php?rest_route=\/wp\/v2\/pages\/179\/revisions\/836"}],"wp:featuredmedia":[{"embeddable":true,"href":"https:\/\/latraverse-architectes.com\/index.php?rest_route=\/wp\/v2\/media\/303"}],"wp:attachment":[{"href":"https:\/\/latraverse-architectes.com\/index.php?rest_route=%2Fwp%2Fv2%2Fmedia&parent=179"}],"curies":[{"name":"wp","href":"https:\/\/api.w.org\/{rel}","templated":true}]}}