{"id":285,"date":"2013-08-21T00:42:44","date_gmt":"2013-08-20T22:42:44","guid":{"rendered":"http:\/\/latraverse-architectes.com\/?page_id=285"},"modified":"2019-10-09T21:39:55","modified_gmt":"2019-10-09T19:39:55","slug":"le-perreux-sur-marne-94","status":"publish","type":"page","link":"https:\/\/latraverse-architectes.com\/?page_id=285","title":{"rendered":"Le Perreux-sur-Marne (94)"},"content":{"rendered":"<p><strong>R\u00e9novation et extension bois BBC d&rsquo;une maison ouvri\u00e8re<\/strong><\/p>\n<p>&nbsp;<\/p>\n<p>Cette maison ouvri\u00e8re se situe \u00e0 l&rsquo;int\u00e9rieur d&rsquo;une grande parcelle comptant un immeubles sur Rue et d&rsquo;autres maisons et jardinets \u00e9parpill\u00e9s.<\/p>\n<p>Sa surface de 40m\u00b2 est trop limit\u00e9e pour le couple qui la poss\u00e8de et d\u00e9cide donc de r\u00e9aliser une extension sur jardin en partie arri\u00e8re.<\/p>\n<p>Le parti adopt\u00e9 est la construction \u00e9cologique en ossature et parement ext\u00e9rieur bois, la l\u00e9g\u00e8ret\u00e9 des proc\u00e9d\u00e9s naturels s&rsquo;adapte bien aux lieux.<\/p>\n<p>Un projet \u00e9pur\u00e9, simplissime o\u00f9 le volume cr\u00e9\u00e9 est accol\u00e9 \u00e0 l&rsquo;existant venant ainsi agrandir la surface.<\/p>\n<p>Les pignons sont largement perc\u00e9s pour permettre cette connexion.<\/p>\n<p>Prise d&rsquo;air en hauteur : une petite terrasse ext\u00e9rieure est m\u00e9nag\u00e9e au R+1+C dans la continuit\u00e9 de la chambre parentale, agrandie par un petit \u00e9dicule en Zinc.<\/p>\n<p>&nbsp;<\/p>\n<p><strong>Permis de construire obtenu &#8211; plans de d\u00e9tails ex\u00e9cut\u00e9s<br \/>\n<\/strong><\/p>\n<p><strong>Projet achev\u00e9<\/strong><\/p>\n<p>2010<\/p>\n","protected":false},"excerpt":{"rendered":"<div class=\"entry-more-cont\"><div class=\"entry-more\"><a class=\"hvr\" href=\"https:\/\/latraverse-architectes.com\/?page_id=285\">Read More<\/a><\/div><\/div>","protected":false},"author":1,"featured_media":288,"parent":1135,"menu_order":0,"comment_status":"open","ping_status":"open","template":"templates\/page-sidebar-iso.php","meta":[],"aioseo_notices":[],"_links":{"self":[{"href":"https:\/\/latraverse-architectes.com\/index.php?rest_route=\/wp\/v2\/pages\/285"}],"collection":[{"href":"https:\/\/latraverse-architectes.com\/index.php?rest_route=\/wp\/v2\/pages"}],"about":[{"href":"https:\/\/latraverse-architectes.com\/index.php?rest_route=\/wp\/v2\/types\/page"}],"author":[{"embeddable":true,"href":"https:\/\/latraverse-architectes.com\/index.php?rest_route=\/wp\/v2\/users\/1"}],"replies":[{"embeddable":true,"href":"https:\/\/latraverse-architectes.com\/index.php?rest_route=%2Fwp%2Fv2%2Fcomments&post=285"}],"version-history":[{"count":6,"href":"https:\/\/latraverse-architectes.com\/index.php?rest_route=\/wp\/v2\/pages\/285\/revisions"}],"predecessor-version":[{"id":298,"href":"https:\/\/latraverse-architectes.com\/index.php?rest_route=\/wp\/v2\/pages\/285\/revisions\/298"}],"up":[{"embeddable":true,"href":"https:\/\/latraverse-architectes.com\/index.php?rest_route=\/wp\/v2\/pages\/1135"}],"wp:featuredmedia":[{"embeddable":true,"href":"https:\/\/latraverse-architectes.com\/index.php?rest_route=\/wp\/v2\/media\/288"}],"wp:attachment":[{"href":"https:\/\/latraverse-architectes.com\/index.php?rest_route=%2Fwp%2Fv2%2Fmedia&parent=285"}],"curies":[{"name":"wp","href":"https:\/\/api.w.org\/{rel}","templated":true}]}}