{"id":29,"date":"2013-07-16T14:36:25","date_gmt":"2013-07-16T12:36:25","guid":{"rendered":"http:\/\/latraverse-architectes.com\/?page_id=29"},"modified":"2019-10-09T21:39:55","modified_gmt":"2019-10-09T19:39:55","slug":"issy-les-moulineaux","status":"publish","type":"page","link":"https:\/\/latraverse-architectes.com\/?page_id=29","title":{"rendered":"Issy-les-Moulineaux (92)"},"content":{"rendered":"<p><strong>Construction d&rsquo;une maison neuve BBC \u00e0 ossature bois<\/strong><\/p>\n<p>C&rsquo;est l&rsquo;histoire d&rsquo;une Maison ancr\u00e9e dans la Terre, qui d\u00e9ploie ses ailes autour d&rsquo;une colonne centrale de m\u00e9tal, pr\u00e9parant son envol vers le ciel, les \u00e9toiles, le firmament&#8230;<\/p>\n<p>C&rsquo;est une aventure rondement men\u00e9e par un associ\u00e9 et chef de chantier hors pair sur ce projet : Mr Patrick Massou Dit Bourdet de la Soci\u00e9t\u00e9 BIO TEKNIK CONSULTING, sp\u00e9cialiste et grand passionn\u00e9 des constructions \u00e9cologiques qui fera adopter jusqu&rsquo;aux toilettes s\u00e8ches sur le chantier !<\/p>\n<p><strong>Op\u00e9ration Livr\u00e9e<\/strong><\/p>\n<p>2012-2014<\/p>\n","protected":false},"excerpt":{"rendered":"<div class=\"entry-more-cont\"><div class=\"entry-more\"><a class=\"hvr\" href=\"https:\/\/latraverse-architectes.com\/?page_id=29\">Read More<\/a><\/div><\/div>","protected":false},"author":1,"featured_media":287,"parent":1135,"menu_order":0,"comment_status":"open","ping_status":"closed","template":"templates\/page-sidebar-iso.php","meta":[],"aioseo_notices":[],"_links":{"self":[{"href":"https:\/\/latraverse-architectes.com\/index.php?rest_route=\/wp\/v2\/pages\/29"}],"collection":[{"href":"https:\/\/latraverse-architectes.com\/index.php?rest_route=\/wp\/v2\/pages"}],"about":[{"href":"https:\/\/latraverse-architectes.com\/index.php?rest_route=\/wp\/v2\/types\/page"}],"author":[{"embeddable":true,"href":"https:\/\/latraverse-architectes.com\/index.php?rest_route=\/wp\/v2\/users\/1"}],"replies":[{"embeddable":true,"href":"https:\/\/latraverse-architectes.com\/index.php?rest_route=%2Fwp%2Fv2%2Fcomments&post=29"}],"version-history":[{"count":15,"href":"https:\/\/latraverse-architectes.com\/index.php?rest_route=\/wp\/v2\/pages\/29\/revisions"}],"predecessor-version":[{"id":1087,"href":"https:\/\/latraverse-architectes.com\/index.php?rest_route=\/wp\/v2\/pages\/29\/revisions\/1087"}],"up":[{"embeddable":true,"href":"https:\/\/latraverse-architectes.com\/index.php?rest_route=\/wp\/v2\/pages\/1135"}],"wp:featuredmedia":[{"embeddable":true,"href":"https:\/\/latraverse-architectes.com\/index.php?rest_route=\/wp\/v2\/media\/287"}],"wp:attachment":[{"href":"https:\/\/latraverse-architectes.com\/index.php?rest_route=%2Fwp%2Fv2%2Fmedia&parent=29"}],"curies":[{"name":"wp","href":"https:\/\/api.w.org\/{rel}","templated":true}]}}