{"id":310,"date":"2013-08-21T10:00:11","date_gmt":"2013-08-21T08:00:11","guid":{"rendered":"http:\/\/latraverse-architectes.com\/?page_id=310"},"modified":"2019-09-30T19:16:48","modified_gmt":"2019-09-30T17:16:48","slug":"paris-75019","status":"publish","type":"page","link":"https:\/\/latraverse-architectes.com\/?page_id=310","title":{"rendered":"Paris (75019)"},"content":{"rendered":"<p><strong>R\u00e9novation compl\u00e8te d&rsquo;un appartement de 70m\u00b2<\/strong><\/p>\n<p><strong>Cr\u00e9ation d&rsquo;un auvent ext\u00e9rieur en acier sur mesure de 15m\u00b2<\/strong><\/p>\n<p><strong>Terrasse, placards et rangements ext\u00e9rieurs en bois <\/strong><\/p>\n<p><strong>Restructuration des espaces int\u00e9rieurs et cr\u00e9ation de meubles sur mesure<\/strong><\/p>\n<p><strong>Plinthes \u00e9lectriques pour un chauffage performant et tr\u00e8s discret<\/strong><\/p>\n<p>&nbsp;<\/p>\n<p>Rassembler pour mieux \u00e9clairer, EFFACER pour mieux rendre visible, REVELER<\/p>\n<p>BROUILLER certaines limites, en AFFIRMER franchement d&rsquo;autres,<\/p>\n<p>DEPOUILLEMENT, suppression.<\/p>\n<p>Il est ici question d&rsquo;enlever, de supprimer, de soustraire pour redonner \u00e0 l&rsquo;espace du SENS,<\/p>\n<p>pour permettre \u00e0 l&rsquo;air et la lumi\u00e8re de circuler.<\/p>\n<p>LIBERER<\/p>\n<p>Un projet o\u00f9 les espaces sont reconnect\u00e9s entre eux de mani\u00e8re fluide, simple et directe.<\/p>\n<p>Les murs deviennent des meubles, accueillant parfois des portes (coulissantes), les choses se resserrent, se rassemblent, d&rsquo;autres \u00e9clatent pour ne plus exister. Meubles hauts, meubles bas.<\/p>\n<p>Surplombant la terrasse, une verri\u00e8re en acier r\u00e9alis\u00e9e sur mesure se veut la plus a\u00e9rienne et l\u00e9g\u00e8re possible (pas de points porteurs au sol, pas de descentes d&rsquo;EP visibles); telle une Aile d&rsquo;Avion, elle assure le lien entre int\u00e9rieur et ext\u00e9rieur en une douce transition.<\/p>\n<p>Un projet qui n&rsquo;aurait pas vu ce jour sans les grandes qualit\u00e9s des deux chefs d&rsquo;entreprise Olivier et Gr\u00e9goire, sans la complicit\u00e9 d&rsquo;un ing\u00e9nieur (de renom) et sans l&rsquo;ing\u00e9niosit\u00e9 du m\u00e9tallier Mr Bellanger !<\/p>\n<p><strong>Op\u00e9ration livr\u00e9e <\/strong><\/p>\n<p>2013<\/p>\n","protected":false},"excerpt":{"rendered":"<div class=\"entry-more-cont\"><div class=\"entry-more\"><a class=\"hvr\" href=\"https:\/\/latraverse-architectes.com\/?page_id=310\">Read More<\/a><\/div><\/div>","protected":false},"author":1,"featured_media":540,"parent":0,"menu_order":0,"comment_status":"open","ping_status":"open","template":"templates\/page-sidebar-iso.php","meta":[],"aioseo_notices":[],"_links":{"self":[{"href":"https:\/\/latraverse-architectes.com\/index.php?rest_route=\/wp\/v2\/pages\/310"}],"collection":[{"href":"https:\/\/latraverse-architectes.com\/index.php?rest_route=\/wp\/v2\/pages"}],"about":[{"href":"https:\/\/latraverse-architectes.com\/index.php?rest_route=\/wp\/v2\/types\/page"}],"author":[{"embeddable":true,"href":"https:\/\/latraverse-architectes.com\/index.php?rest_route=\/wp\/v2\/users\/1"}],"replies":[{"embeddable":true,"href":"https:\/\/latraverse-architectes.com\/index.php?rest_route=%2Fwp%2Fv2%2Fcomments&post=310"}],"version-history":[{"count":7,"href":"https:\/\/latraverse-architectes.com\/index.php?rest_route=\/wp\/v2\/pages\/310\/revisions"}],"predecessor-version":[{"id":827,"href":"https:\/\/latraverse-architectes.com\/index.php?rest_route=\/wp\/v2\/pages\/310\/revisions\/827"}],"wp:featuredmedia":[{"embeddable":true,"href":"https:\/\/latraverse-architectes.com\/index.php?rest_route=\/wp\/v2\/media\/540"}],"wp:attachment":[{"href":"https:\/\/latraverse-architectes.com\/index.php?rest_route=%2Fwp%2Fv2%2Fmedia&parent=310"}],"curies":[{"name":"wp","href":"https:\/\/api.w.org\/{rel}","templated":true}]}}