{"id":393,"date":"2013-08-21T16:21:28","date_gmt":"2013-08-21T14:21:28","guid":{"rendered":"http:\/\/latraverse-architectes.com\/?page_id=393"},"modified":"2019-10-09T21:39:55","modified_gmt":"2019-10-09T19:39:55","slug":"paris-75020","status":"publish","type":"page","link":"https:\/\/latraverse-architectes.com\/?page_id=393","title":{"rendered":"PARIS (75020)"},"content":{"rendered":"<p><strong>R\u00e9novation compl\u00e8te d&rsquo;un studio \u00e0 Paris<\/strong><\/p>\n<p>Cr\u00e9ation d&rsquo;une plus petite salle de bain permettant de r\u00e9cup\u00e9rer une grande fen\u00eatre pour l&rsquo;\u00e9clairage naturel de la nouvelle cuisine, et par extension de tout l&rsquo;appartement.<\/p>\n<p>Astuces pour le confort des petits espaces<\/p>\n<p><strong>Op\u00e9ration achev\u00e9e<\/strong><\/p>\n<p>2010<\/p>\n","protected":false},"excerpt":{"rendered":"<div class=\"entry-more-cont\"><div class=\"entry-more\"><a class=\"hvr\" href=\"https:\/\/latraverse-architectes.com\/?page_id=393\">Read More<\/a><\/div><\/div>","protected":false},"author":1,"featured_media":392,"parent":1135,"menu_order":0,"comment_status":"open","ping_status":"open","template":"templates\/page-sidebar-iso.php","meta":[],"aioseo_notices":[],"_links":{"self":[{"href":"https:\/\/latraverse-architectes.com\/index.php?rest_route=\/wp\/v2\/pages\/393"}],"collection":[{"href":"https:\/\/latraverse-architectes.com\/index.php?rest_route=\/wp\/v2\/pages"}],"about":[{"href":"https:\/\/latraverse-architectes.com\/index.php?rest_route=\/wp\/v2\/types\/page"}],"author":[{"embeddable":true,"href":"https:\/\/latraverse-architectes.com\/index.php?rest_route=\/wp\/v2\/users\/1"}],"replies":[{"embeddable":true,"href":"https:\/\/latraverse-architectes.com\/index.php?rest_route=%2Fwp%2Fv2%2Fcomments&post=393"}],"version-history":[{"count":3,"href":"https:\/\/latraverse-architectes.com\/index.php?rest_route=\/wp\/v2\/pages\/393\/revisions"}],"predecessor-version":[{"id":850,"href":"https:\/\/latraverse-architectes.com\/index.php?rest_route=\/wp\/v2\/pages\/393\/revisions\/850"}],"up":[{"embeddable":true,"href":"https:\/\/latraverse-architectes.com\/index.php?rest_route=\/wp\/v2\/pages\/1135"}],"wp:featuredmedia":[{"embeddable":true,"href":"https:\/\/latraverse-architectes.com\/index.php?rest_route=\/wp\/v2\/media\/392"}],"wp:attachment":[{"href":"https:\/\/latraverse-architectes.com\/index.php?rest_route=%2Fwp%2Fv2%2Fmedia&parent=393"}],"curies":[{"name":"wp","href":"https:\/\/api.w.org\/{rel}","templated":true}]}}