{"id":407,"date":"2013-08-26T16:24:39","date_gmt":"2013-08-26T14:24:39","guid":{"rendered":"http:\/\/latraverse-architectes.com\/?page_id=407"},"modified":"2019-10-09T21:39:55","modified_gmt":"2019-10-09T19:39:55","slug":"aubervilliers-93","status":"publish","type":"page","link":"https:\/\/latraverse-architectes.com\/?page_id=407","title":{"rendered":"AUBERVILLIERS (93)"},"content":{"rendered":"<p><strong>R\u00e9habilitation et extension d&rsquo;une maison ouvri\u00e8re existante<\/strong><\/p>\n<p>&nbsp;<\/p>\n<p>Exploiter la profondeur de la parcelle pour y cr\u00e9er un jardin int\u00e9rieur clos \u00e0 l&rsquo;abri des regards<\/p>\n<p>Construction d&rsquo;un front b\u00e2ti en Fa\u00e7ade Avant redessinant la perspective depuis la rue.<\/p>\n<p>&nbsp;<\/p>\n<p><strong>Etude achev\u00e9e<\/strong><\/p>\n<p>2010<\/p>\n","protected":false},"excerpt":{"rendered":"<div class=\"entry-more-cont\"><div class=\"entry-more\"><a class=\"hvr\" href=\"https:\/\/latraverse-architectes.com\/?page_id=407\">Read More<\/a><\/div><\/div>","protected":false},"author":1,"featured_media":409,"parent":1135,"menu_order":0,"comment_status":"open","ping_status":"closed","template":"templates\/page-sidebar-iso.php","meta":[],"aioseo_notices":[],"_links":{"self":[{"href":"https:\/\/latraverse-architectes.com\/index.php?rest_route=\/wp\/v2\/pages\/407"}],"collection":[{"href":"https:\/\/latraverse-architectes.com\/index.php?rest_route=\/wp\/v2\/pages"}],"about":[{"href":"https:\/\/latraverse-architectes.com\/index.php?rest_route=\/wp\/v2\/types\/page"}],"author":[{"embeddable":true,"href":"https:\/\/latraverse-architectes.com\/index.php?rest_route=\/wp\/v2\/users\/1"}],"replies":[{"embeddable":true,"href":"https:\/\/latraverse-architectes.com\/index.php?rest_route=%2Fwp%2Fv2%2Fcomments&post=407"}],"version-history":[{"count":2,"href":"https:\/\/latraverse-architectes.com\/index.php?rest_route=\/wp\/v2\/pages\/407\/revisions"}],"predecessor-version":[{"id":843,"href":"https:\/\/latraverse-architectes.com\/index.php?rest_route=\/wp\/v2\/pages\/407\/revisions\/843"}],"up":[{"embeddable":true,"href":"https:\/\/latraverse-architectes.com\/index.php?rest_route=\/wp\/v2\/pages\/1135"}],"wp:featuredmedia":[{"embeddable":true,"href":"https:\/\/latraverse-architectes.com\/index.php?rest_route=\/wp\/v2\/media\/409"}],"wp:attachment":[{"href":"https:\/\/latraverse-architectes.com\/index.php?rest_route=%2Fwp%2Fv2%2Fmedia&parent=407"}],"curies":[{"name":"wp","href":"https:\/\/api.w.org\/{rel}","templated":true}]}}