{"id":608,"date":"2014-03-17T12:45:04","date_gmt":"2014-03-17T11:45:04","guid":{"rendered":"http:\/\/latraverse-architectes.com\/?page_id=608"},"modified":"2018-01-19T18:30:59","modified_gmt":"2018-01-19T17:30:59","slug":"st-maur-fosses-94","status":"publish","type":"page","link":"https:\/\/latraverse-architectes.com\/?page_id=608","title":{"rendered":"ST-MAUR-DES-FOSSES (94)"},"content":{"rendered":"<p><strong>Nouvelle toiture en zinc et r\u00e9novation int\u00e9rieure d&rsquo;un pavillon<\/strong><\/p>\n<p>&nbsp;<\/p>\n<p>Ce projet \u00ab\u00a0se cherche encore\u00a0\u00bb. L&rsquo;id\u00e9e ma\u00eetresse \u00e9tant la sur\u00e9l\u00e9vation et la modification compl\u00e8te de la toiture existante.<\/p>\n<p>Toiture zinc, lucarnes contemporaines, ouverture et cr\u00e9ation de volumes g\u00e9n\u00e9reux, valorisation de la lumi\u00e8re naturelle<\/p>\n<p>&nbsp;<\/p>\n<p><strong>Projet et chantier sur deux phases &#8211; en cours<br \/>\n<\/strong><\/p>\n<p><strong>2015<\/strong><\/p>\n","protected":false},"excerpt":{"rendered":"<div class=\"entry-more-cont\"><div class=\"entry-more\"><a class=\"hvr\" href=\"https:\/\/latraverse-architectes.com\/?page_id=608\">Read More<\/a><\/div><\/div>","protected":false},"author":1,"featured_media":915,"parent":0,"menu_order":0,"comment_status":"open","ping_status":"closed","template":"","meta":[],"aioseo_notices":[],"_links":{"self":[{"href":"https:\/\/latraverse-architectes.com\/index.php?rest_route=\/wp\/v2\/pages\/608"}],"collection":[{"href":"https:\/\/latraverse-architectes.com\/index.php?rest_route=\/wp\/v2\/pages"}],"about":[{"href":"https:\/\/latraverse-architectes.com\/index.php?rest_route=\/wp\/v2\/types\/page"}],"author":[{"embeddable":true,"href":"https:\/\/latraverse-architectes.com\/index.php?rest_route=\/wp\/v2\/users\/1"}],"replies":[{"embeddable":true,"href":"https:\/\/latraverse-architectes.com\/index.php?rest_route=%2Fwp%2Fv2%2Fcomments&post=608"}],"version-history":[{"count":9,"href":"https:\/\/latraverse-architectes.com\/index.php?rest_route=\/wp\/v2\/pages\/608\/revisions"}],"predecessor-version":[{"id":913,"href":"https:\/\/latraverse-architectes.com\/index.php?rest_route=\/wp\/v2\/pages\/608\/revisions\/913"}],"wp:featuredmedia":[{"embeddable":true,"href":"https:\/\/latraverse-architectes.com\/index.php?rest_route=\/wp\/v2\/media\/915"}],"wp:attachment":[{"href":"https:\/\/latraverse-architectes.com\/index.php?rest_route=%2Fwp%2Fv2%2Fmedia&parent=608"}],"curies":[{"name":"wp","href":"https:\/\/api.w.org\/{rel}","templated":true}]}}