{"id":615,"date":"2014-03-17T12:54:53","date_gmt":"2014-03-17T11:54:53","guid":{"rendered":"http:\/\/latraverse-architectes.com\/?page_id=615"},"modified":"2019-10-09T21:39:55","modified_gmt":"2019-10-09T19:39:55","slug":"bondoufle-91","status":"publish","type":"page","link":"https:\/\/latraverse-architectes.com\/?page_id=615","title":{"rendered":"BONDOUFLE (91)"},"content":{"rendered":"<p><strong>Construction d&rsquo;une verri\u00e8re et remaniement de la cuisine d&rsquo;un pavillon existant<\/strong><\/p>\n<p>&nbsp;<\/p>\n<p>Une jolie famille vit dans une jolie maison&#8230;mais les enfants grandissent et la place commence \u00e0 manquer !<\/p>\n<p>D\u00e9fi lanc\u00e9 \u00e0 l&rsquo;architecte : agrandir la maison tout en la connectant au jardin.<\/p>\n<p>Am\u00e9nagement d&rsquo;une cuisine minimaliste bois \/ granit noir au sein d&rsquo;un nouveau volume tout en verre construit au coeur du jardin.<\/p>\n<p>R\u00e9am\u00e9nagement int\u00e9rieur du pavillon<\/p>\n<p>&nbsp;<\/p>\n<p><strong>OPERATION LIVREE<br \/>\n<\/strong><\/p>\n<p>2014<\/p>\n","protected":false},"excerpt":{"rendered":"<div class=\"entry-more-cont\"><div class=\"entry-more\"><a class=\"hvr\" href=\"https:\/\/latraverse-architectes.com\/?page_id=615\">Read More<\/a><\/div><\/div>","protected":false},"author":1,"featured_media":804,"parent":1135,"menu_order":0,"comment_status":"open","ping_status":"closed","template":"templates\/page-sidebar-iso.php","meta":[],"aioseo_notices":[],"_links":{"self":[{"href":"https:\/\/latraverse-architectes.com\/index.php?rest_route=\/wp\/v2\/pages\/615"}],"collection":[{"href":"https:\/\/latraverse-architectes.com\/index.php?rest_route=\/wp\/v2\/pages"}],"about":[{"href":"https:\/\/latraverse-architectes.com\/index.php?rest_route=\/wp\/v2\/types\/page"}],"author":[{"embeddable":true,"href":"https:\/\/latraverse-architectes.com\/index.php?rest_route=\/wp\/v2\/users\/1"}],"replies":[{"embeddable":true,"href":"https:\/\/latraverse-architectes.com\/index.php?rest_route=%2Fwp%2Fv2%2Fcomments&post=615"}],"version-history":[{"count":7,"href":"https:\/\/latraverse-architectes.com\/index.php?rest_route=\/wp\/v2\/pages\/615\/revisions"}],"predecessor-version":[{"id":844,"href":"https:\/\/latraverse-architectes.com\/index.php?rest_route=\/wp\/v2\/pages\/615\/revisions\/844"}],"up":[{"embeddable":true,"href":"https:\/\/latraverse-architectes.com\/index.php?rest_route=\/wp\/v2\/pages\/1135"}],"wp:featuredmedia":[{"embeddable":true,"href":"https:\/\/latraverse-architectes.com\/index.php?rest_route=\/wp\/v2\/media\/804"}],"wp:attachment":[{"href":"https:\/\/latraverse-architectes.com\/index.php?rest_route=%2Fwp%2Fv2%2Fmedia&parent=615"}],"curies":[{"name":"wp","href":"https:\/\/api.w.org\/{rel}","templated":true}]}}