{"id":884,"date":"2015-03-17T14:30:12","date_gmt":"2015-03-17T13:30:12","guid":{"rendered":"http:\/\/latraverse-architectes.com\/?page_id=884"},"modified":"2019-10-09T22:10:56","modified_gmt":"2019-10-09T20:10:56","slug":"bondoufle-2-91","status":"publish","type":"page","link":"https:\/\/latraverse-architectes.com\/?page_id=884","title":{"rendered":"BONDOUFLE &#8211; 2 (91)"},"content":{"rendered":"<p><strong>Une Cabane de jardin en DUR !<\/strong><\/p>\n<p>Ici, les V\u00e9los sont Rois des lieux, ainsi que Tondeuses, B\u00eaches, R\u00e2teaux et autres Balais, S\u00e9cateurs, sans oublier l&rsquo;Arrosoir &#8230;<\/p>\n<p>Car oui, lorsque l&rsquo;on a un grand jardin \u00e0 cultiver et que l&rsquo;on aime la Nature pour s&rsquo;y promener, il n&rsquo;est pas absurde de penser \u00e0 un espace suppl\u00e9mentaire pour abriter les outils et divers objets qui permettront de mener \u00e0 bien toutes ces activit\u00e9s.<\/p>\n<p>Ils en ont r\u00eav\u00e9, l&rsquo;Architecte et son \u00e9quipe l&rsquo;ont Fait !<\/p>\n<p><strong>Chantier Livr\u00e9 <\/strong><\/p>\n<p><strong>2014-2015<\/strong><\/p>\n<p>&nbsp;<\/p>\n<p>&nbsp;<\/p>\n","protected":false},"excerpt":{"rendered":"<div class=\"entry-more-cont\"><div class=\"entry-more\"><a class=\"hvr\" href=\"https:\/\/latraverse-architectes.com\/?page_id=884\">Read More<\/a><\/div><\/div>","protected":false},"author":1,"featured_media":887,"parent":1135,"menu_order":0,"comment_status":"open","ping_status":"closed","template":"templates\/page-sidebar-iso.php","meta":[],"aioseo_notices":[],"_links":{"self":[{"href":"https:\/\/latraverse-architectes.com\/index.php?rest_route=\/wp\/v2\/pages\/884"}],"collection":[{"href":"https:\/\/latraverse-architectes.com\/index.php?rest_route=\/wp\/v2\/pages"}],"about":[{"href":"https:\/\/latraverse-architectes.com\/index.php?rest_route=\/wp\/v2\/types\/page"}],"author":[{"embeddable":true,"href":"https:\/\/latraverse-architectes.com\/index.php?rest_route=\/wp\/v2\/users\/1"}],"replies":[{"embeddable":true,"href":"https:\/\/latraverse-architectes.com\/index.php?rest_route=%2Fwp%2Fv2%2Fcomments&post=884"}],"version-history":[{"count":8,"href":"https:\/\/latraverse-architectes.com\/index.php?rest_route=\/wp\/v2\/pages\/884\/revisions"}],"predecessor-version":[{"id":1088,"href":"https:\/\/latraverse-architectes.com\/index.php?rest_route=\/wp\/v2\/pages\/884\/revisions\/1088"}],"up":[{"embeddable":true,"href":"https:\/\/latraverse-architectes.com\/index.php?rest_route=\/wp\/v2\/pages\/1135"}],"wp:featuredmedia":[{"embeddable":true,"href":"https:\/\/latraverse-architectes.com\/index.php?rest_route=\/wp\/v2\/media\/887"}],"wp:attachment":[{"href":"https:\/\/latraverse-architectes.com\/index.php?rest_route=%2Fwp%2Fv2%2Fmedia&parent=884"}],"curies":[{"name":"wp","href":"https:\/\/api.w.org\/{rel}","templated":true}]}}