{"id":990,"date":"2015-11-23T10:44:56","date_gmt":"2015-11-23T09:44:56","guid":{"rendered":"http:\/\/latraverse-architectes.com\/?page_id=990"},"modified":"2019-10-09T21:39:55","modified_gmt":"2019-10-09T19:39:55","slug":"mandres-les-roses-94","status":"publish","type":"page","link":"https:\/\/latraverse-architectes.com\/?page_id=990","title":{"rendered":"MANDRES LES ROSES (94)"},"content":{"rendered":"<p><strong>CONSTRUCTION D&rsquo;UNE VILLA CONTEMPORAINE NEUVE<\/strong><\/p>\n<p>Sur un beau terrain arbor\u00e9 en pleine nature, la Maison se fond dans la verdure, en toute discr\u00e9tion et simplicit\u00e9.<\/p>\n<p>Elle se fait reflet de la v\u00e9g\u00e9tation, laquelle vient s&rsquo;y lover jusque dans ses recoins les plus secrets.<\/p>\n<p>Imagin\u00e9e comme une main ouverte tendue vers le soleil, son volume en L orient\u00e9 plein Sud s&rsquo;articule autour d&rsquo;une piscine centrale.<\/p>\n<p>&nbsp;<\/p>\n<p><strong>OPERATION LIVREE<br \/>\n<\/strong><\/p>\n","protected":false},"excerpt":{"rendered":"<div class=\"entry-more-cont\"><div class=\"entry-more\"><a class=\"hvr\" href=\"https:\/\/latraverse-architectes.com\/?page_id=990\">Read More<\/a><\/div><\/div>","protected":false},"author":1,"featured_media":991,"parent":1135,"menu_order":0,"comment_status":"open","ping_status":"open","template":"templates\/page-sidebar-iso.php","meta":[],"aioseo_notices":[],"_links":{"self":[{"href":"https:\/\/latraverse-architectes.com\/index.php?rest_route=\/wp\/v2\/pages\/990"}],"collection":[{"href":"https:\/\/latraverse-architectes.com\/index.php?rest_route=\/wp\/v2\/pages"}],"about":[{"href":"https:\/\/latraverse-architectes.com\/index.php?rest_route=\/wp\/v2\/types\/page"}],"author":[{"embeddable":true,"href":"https:\/\/latraverse-architectes.com\/index.php?rest_route=\/wp\/v2\/users\/1"}],"replies":[{"embeddable":true,"href":"https:\/\/latraverse-architectes.com\/index.php?rest_route=%2Fwp%2Fv2%2Fcomments&post=990"}],"version-history":[{"count":2,"href":"https:\/\/latraverse-architectes.com\/index.php?rest_route=\/wp\/v2\/pages\/990\/revisions"}],"predecessor-version":[{"id":1027,"href":"https:\/\/latraverse-architectes.com\/index.php?rest_route=\/wp\/v2\/pages\/990\/revisions\/1027"}],"up":[{"embeddable":true,"href":"https:\/\/latraverse-architectes.com\/index.php?rest_route=\/wp\/v2\/pages\/1135"}],"wp:featuredmedia":[{"embeddable":true,"href":"https:\/\/latraverse-architectes.com\/index.php?rest_route=\/wp\/v2\/media\/991"}],"wp:attachment":[{"href":"https:\/\/latraverse-architectes.com\/index.php?rest_route=%2Fwp%2Fv2%2Fmedia&parent=990"}],"curies":[{"name":"wp","href":"https:\/\/api.w.org\/{rel}","templated":true}]}}